{"id":9262,"date":"2020-12-16T09:57:21","date_gmt":"2020-12-16T08:57:21","guid":{"rendered":"https:\/\/transparency.web.com.mk\/publikacii\/"},"modified":"2023-10-09T12:01:53","modified_gmt":"2023-10-09T10:01:53","slug":"botime","status":"publish","type":"page","link":"https:\/\/transparency.mk\/sq\/botime\/","title":{"rendered":"Botime"},"content":{"rendered":"<div class=\"wpb-content-wrapper\"><p>[vc_row type=&#8221;vc_default&#8221; margin_top=&#8221;0&#8243; margin_bottom=&#8221;-50&#8243; css=&#8221;.vc_custom_1491744093958{padding-top: 70px !important;padding-bottom: 20px !important;}&#8221;][vc_column offset=&#8221;vc_col-xs-12&#8243; css=&#8221;.vc_custom_1604570078313{padding-bottom: 50px !important;}&#8221;][vc_accordion active_tab=&#8221;false&#8221; collapsible=&#8221;yes&#8221; style=&#8221;3&#8243;][vc_accordion_tab title=&#8221;Doracaku i projektit \u201cVlerat e p\u00ebrbashk\u00ebta\u201d&#8221;][vc_column_text]<a href=\"https:\/\/transparency.mk\/wp-content\/uploads\/2021\/09\/doracaku-i-projektit-vlerat-e-perbashketa.pdf\">Doracaku i projektit \u201cVlerat e p\u00ebrbashk\u00ebta\u201d<\/a>[\/vc_column_text][\/vc_accordion_tab][vc_accordion_tab title=&#8221;Korrupsioni I Lart\u00eb Dhe Hartimi I Ligjeve Sipas Nevoj\u00ebs N\u00eb Republik\u00ebn E Maqedonis\u00eb S\u00eb Veriut&#8221;][vc_column_text]<a href=\"https:\/\/transparency.mk\/wp-content\/uploads\/2021\/05\/korrupsioni_i_larte_dhe_hartimi_i_ligjeve_sipas_nevojes_ne_republiken_e_maqedonise_se_veriut-1-1.pdf\">korrupsioni_i_larte_dhe_hartimi_i_ligjeve_sipas_nevojes_ne_republiken_e_maqedonise_se_veriut-1-1.pdf<\/a>[\/vc_column_text][\/vc_accordion_tab][vc_accordion_tab title=&#8221;Vler\u00ebsimi i Cenueshm\u00ebris\u00eb nga korrupsioni&#8221;][vc_column_text]<a href=\"https:\/\/transparency.mk\/wp-content\/uploads\/2021\/02\/vlersimi_i_cenueshmris_nga_korrupsioni.pdf\">vlersimi_i_cenueshmris_nga_korrupsioni<\/a>[\/vc_column_text][\/vc_accordion_tab][vc_accordion_tab title=&#8221;Sistemi Komb\u00ebtar P\u00ebr Integritet&#8221;][vc_column_text]<a href=\"https:\/\/transparency.mk\/wp-content\/uploads\/2021\/02\/sistemi_kombetar_per_integritet.pdf\">Sistemi_Kombetar_Per_Integritet<\/a>[\/vc_column_text][\/vc_accordion_tab][vc_accordion_tab title=&#8221;Monitorimi i shpenzimeve t\u00eb buxheteve dhe partive politike n\u00eb procesin parazgjedhor dhe zgjedhor 2016&#8243;][vc_column_text]<a href=\"https:\/\/transparency.mk\/wp-content\/uploads\/2023\/10\/monitorimi-i-shpenzimeve-te-buxheteve-dhe-partive-politike-ne-procesin-parazgjedhor-dhe-zgjedhor-2016.pdf\">Monitorimi i shpenzimeve t\u00eb buxheteve dhe partive politike n\u00eb procesin parazgjedhor dhe zgjedhor 2016<\/a>[\/vc_column_text][\/vc_accordion_tab][vc_accordion_tab title=&#8221;ZERO toleranc\u00eb p\u00ebr korrupsionin&#8221;][vc_column_text]<a href=\"https:\/\/transparency.mk\/wp-content\/uploads\/2020\/12\/final-alb.pdf\" target=\"_blank\" rel=\"noopener noreferrer\">ZERO toleranc\u00eb p\u00ebr korrupsionin<\/a>[\/vc_column_text][\/vc_accordion_tab][\/vc_accordion][\/vc_column][\/vc_row]<\/p>\n<\/div>","protected":false},"excerpt":{"rendered":"<p>[vc_row type=&#8221;vc_default&#8221; margin_top=&#8221;0&#8243; margin_bottom=&#8221;-50&#8243; css=&#8221;.vc_custom_1491744093958{padding-top: 70px !important;padding-bottom: 20px !important;}&#8221;][vc_column offset=&#8221;vc_col-xs-12&#8243; css=&#8221;.vc_custom_1604570078313{padding-bottom: 50px !important;}&#8221;][vc_accordion active_tab=&#8221;false&#8221; collapsible=&#8221;yes&#8221; style=&#8221;3&#8243;][vc_accordion_tab title=&#8221;Doracaku i projektit \u201cVlerat e p\u00ebrbashk\u00ebta\u201d&#8221;][vc_column_text]Doracaku i projektit \u201cVlerat e p\u00ebrbashk\u00ebta\u201d[\/vc_column_text][\/vc_accordion_tab][vc_accordion_tab title=&#8221;Korrupsioni I Lart\u00eb Dhe Hartimi I Ligjeve Sipas Nevoj\u00ebs N\u00eb Republik\u00ebn E Maqedonis\u00eb S\u00eb Veriut&#8221;][vc_column_text]korrupsioni_i_larte_dhe_hartimi_i_ligjeve_sipas_nevojes_ne_republiken_e_maqedonise_se_veriut-1-1.pdf[\/vc_column_text][\/vc_accordion_tab][vc_accordion_tab title=&#8221;Vler\u00ebsimi i Cenueshm\u00ebris\u00eb nga korrupsioni&#8221;][vc_column_text]vlersimi_i_cenueshmris_nga_korrupsioni[\/vc_column_text][\/vc_accordion_tab][vc_accordion_tab title=&#8221;Sistemi Komb\u00ebtar P\u00ebr Integritet&#8221;][vc_column_text]Sistemi_Kombetar_Per_Integritet[\/vc_column_text][\/vc_accordion_tab][vc_accordion_tab title=&#8221;Monitorimi i shpenzimeve t\u00eb&hellip;<\/p>\n","protected":false},"author":1,"featured_media":0,"parent":0,"menu_order":30,"comment_status":"closed","ping_status":"closed","template":"","meta":{"_monsterinsights_skip_tracking":false,"_monsterinsights_sitenote_active":false,"_monsterinsights_sitenote_note":"","_monsterinsights_sitenote_category":0,"footnotes":""},"class_list":["post-9262","page","type-page","status-publish","hentry","description-off"],"yoast_head":"<!-- This site is optimized with the Yoast SEO plugin v25.8 - https:\/\/yoast.com\/wordpress\/plugins\/seo\/ -->\n<title>Botime - Transparency International<\/title>\n<meta name=\"robots\" content=\"index, follow, max-snippet:-1, max-image-preview:large, max-video-preview:-1\" \/>\n<link rel=\"canonical\" href=\"https:\/\/transparency.mk\/publikacii\/\" \/>\n<meta property=\"og:locale\" content=\"sq_AL\" \/>\n<meta property=\"og:type\" content=\"article\" \/>\n<meta property=\"og:title\" content=\"Botime - Transparency International\" \/>\n<meta property=\"og:description\" content=\"[vc_row type=&#8221;vc_default&#8221; margin_top=&#8221;0&#8243; margin_bottom=&#8221;-50&#8243; css=&#8221;.vc_custom_1491744093958{padding-top: 70px !important;padding-bottom: 20px !important;}&#8221;][vc_column offset=&#8221;vc_col-xs-12&#8243; css=&#8221;.vc_custom_1604570078313{padding-bottom: 50px !important;}&#8221;][vc_accordion active_tab=&#8221;false&#8221; collapsible=&#8221;yes&#8221; style=&#8221;3&#8243;][vc_accordion_tab title=&#8221;Doracaku i projektit \u201cVlerat e p\u00ebrbashk\u00ebta\u201d&#8221;][vc_column_text]Doracaku i projektit \u201cVlerat e p\u00ebrbashk\u00ebta\u201d[\/vc_column_text][\/vc_accordion_tab][vc_accordion_tab title=&#8221;Korrupsioni I Lart\u00eb Dhe Hartimi I Ligjeve Sipas Nevoj\u00ebs N\u00eb Republik\u00ebn E Maqedonis\u00eb S\u00eb Veriut&#8221;][vc_column_text]korrupsioni_i_larte_dhe_hartimi_i_ligjeve_sipas_nevojes_ne_republiken_e_maqedonise_se_veriut-1-1.pdf[\/vc_column_text][\/vc_accordion_tab][vc_accordion_tab title=&#8221;Vler\u00ebsimi i Cenueshm\u00ebris\u00eb nga korrupsioni&#8221;][vc_column_text]vlersimi_i_cenueshmris_nga_korrupsioni[\/vc_column_text][\/vc_accordion_tab][vc_accordion_tab title=&#8221;Sistemi Komb\u00ebtar P\u00ebr Integritet&#8221;][vc_column_text]Sistemi_Kombetar_Per_Integritet[\/vc_column_text][\/vc_accordion_tab][vc_accordion_tab title=&#8221;Monitorimi i shpenzimeve t\u00eb&hellip;\" \/>\n<meta property=\"og:url\" content=\"https:\/\/transparency.mk\/publikacii\/\" \/>\n<meta property=\"og:site_name\" content=\"Transparency International\" \/>\n<meta property=\"article:publisher\" content=\"https:\/\/www.facebook.com\/TransparencyMK\/\" \/>\n<meta property=\"article:modified_time\" content=\"2023-10-09T10:01:53+00:00\" \/>\n<meta name=\"twitter:card\" content=\"summary_large_image\" \/>\n<meta name=\"twitter:site\" content=\"@ti_macedonia\" \/>\n<meta name=\"twitter:label1\" content=\"Est. reading time\" \/>\n\t<meta name=\"twitter:data1\" content=\"1 minute\" \/>\n<script type=\"application\/ld+json\" class=\"yoast-schema-graph\">{\"@context\":\"https:\/\/schema.org\",\"@graph\":[{\"@type\":\"WebPage\",\"@id\":\"https:\/\/transparency.mk\/publikacii\/\",\"url\":\"https:\/\/transparency.mk\/publikacii\/\",\"name\":\"Botime - Transparency International\",\"isPartOf\":{\"@id\":\"https:\/\/transparency.mk\/#website\"},\"datePublished\":\"2020-12-16T08:57:21+00:00\",\"dateModified\":\"2023-10-09T10:01:53+00:00\",\"breadcrumb\":{\"@id\":\"https:\/\/transparency.mk\/publikacii\/#breadcrumb\"},\"inLanguage\":\"sq-AL\",\"potentialAction\":[{\"@type\":\"ReadAction\",\"target\":[\"https:\/\/transparency.mk\/publikacii\/\"]}]},{\"@type\":\"BreadcrumbList\",\"@id\":\"https:\/\/transparency.mk\/publikacii\/#breadcrumb\",\"itemListElement\":[{\"@type\":\"ListItem\",\"position\":1,\"name\":\"Home\",\"item\":\"https:\/\/transparency.mk\/sq\/\"},{\"@type\":\"ListItem\",\"position\":2,\"name\":\"Botime\"}]},{\"@type\":\"WebSite\",\"@id\":\"https:\/\/transparency.mk\/#website\",\"url\":\"https:\/\/transparency.mk\/\",\"name\":\"Transparency International\",\"description\":\"Maqedoni\",\"publisher\":{\"@id\":\"https:\/\/transparency.mk\/#organization\"},\"potentialAction\":[{\"@type\":\"SearchAction\",\"target\":{\"@type\":\"EntryPoint\",\"urlTemplate\":\"https:\/\/transparency.mk\/?s={search_term_string}\"},\"query-input\":{\"@type\":\"PropertyValueSpecification\",\"valueRequired\":true,\"valueName\":\"search_term_string\"}}],\"inLanguage\":\"sq-AL\"},{\"@type\":\"Organization\",\"@id\":\"https:\/\/transparency.mk\/#organization\",\"name\":\"\u0422\u0440\u0430\u043d\u0441\u043f\u0430\u0440\u0435\u043d\u0441\u0438 \u0418\u043d\u0442\u0435\u0440\u043d\u0435\u0448\u043d\u043b - \u041c\u0430\u043a\u0435\u0434\u043e\u043d\u0438\u0458\u0430\",\"url\":\"https:\/\/transparency.mk\/\",\"logo\":{\"@type\":\"ImageObject\",\"inLanguage\":\"sq-AL\",\"@id\":\"https:\/\/transparency.mk\/#\/schema\/logo\/image\/\",\"url\":\"https:\/\/transparency.mk\/wp-content\/uploads\/2020\/10\/transparency-mk-logo.png\",\"contentUrl\":\"https:\/\/transparency.mk\/wp-content\/uploads\/2020\/10\/transparency-mk-logo.png\",\"width\":250,\"height\":75,\"caption\":\"\u0422\u0440\u0430\u043d\u0441\u043f\u0430\u0440\u0435\u043d\u0441\u0438 \u0418\u043d\u0442\u0435\u0440\u043d\u0435\u0448\u043d\u043b - \u041c\u0430\u043a\u0435\u0434\u043e\u043d\u0438\u0458\u0430\"},\"image\":{\"@id\":\"https:\/\/transparency.mk\/#\/schema\/logo\/image\/\"},\"sameAs\":[\"https:\/\/www.facebook.com\/TransparencyMK\/\",\"https:\/\/x.com\/ti_macedonia\",\"https:\/\/www.instagram.com\/timacedonia\/\",\"https:\/\/youtube.com\/user\/tzcmacedonia\/\"]}]}<\/script>\n<!-- \/ Yoast SEO plugin. -->","yoast_head_json":{"title":"Botime - Transparency International","robots":{"index":"index","follow":"follow","max-snippet":"max-snippet:-1","max-image-preview":"max-image-preview:large","max-video-preview":"max-video-preview:-1"},"canonical":"https:\/\/transparency.mk\/publikacii\/","og_locale":"sq_AL","og_type":"article","og_title":"Botime - Transparency International","og_description":"[vc_row type=&#8221;vc_default&#8221; margin_top=&#8221;0&#8243; margin_bottom=&#8221;-50&#8243; css=&#8221;.vc_custom_1491744093958{padding-top: 70px !important;padding-bottom: 20px !important;}&#8221;][vc_column offset=&#8221;vc_col-xs-12&#8243; css=&#8221;.vc_custom_1604570078313{padding-bottom: 50px !important;}&#8221;][vc_accordion active_tab=&#8221;false&#8221; collapsible=&#8221;yes&#8221; style=&#8221;3&#8243;][vc_accordion_tab title=&#8221;Doracaku i projektit \u201cVlerat e p\u00ebrbashk\u00ebta\u201d&#8221;][vc_column_text]Doracaku i projektit \u201cVlerat e p\u00ebrbashk\u00ebta\u201d[\/vc_column_text][\/vc_accordion_tab][vc_accordion_tab title=&#8221;Korrupsioni I Lart\u00eb Dhe Hartimi I Ligjeve Sipas Nevoj\u00ebs N\u00eb Republik\u00ebn E Maqedonis\u00eb S\u00eb Veriut&#8221;][vc_column_text]korrupsioni_i_larte_dhe_hartimi_i_ligjeve_sipas_nevojes_ne_republiken_e_maqedonise_se_veriut-1-1.pdf[\/vc_column_text][\/vc_accordion_tab][vc_accordion_tab title=&#8221;Vler\u00ebsimi i Cenueshm\u00ebris\u00eb nga korrupsioni&#8221;][vc_column_text]vlersimi_i_cenueshmris_nga_korrupsioni[\/vc_column_text][\/vc_accordion_tab][vc_accordion_tab title=&#8221;Sistemi Komb\u00ebtar P\u00ebr Integritet&#8221;][vc_column_text]Sistemi_Kombetar_Per_Integritet[\/vc_column_text][\/vc_accordion_tab][vc_accordion_tab title=&#8221;Monitorimi i shpenzimeve t\u00eb&hellip;","og_url":"https:\/\/transparency.mk\/publikacii\/","og_site_name":"Transparency International","article_publisher":"https:\/\/www.facebook.com\/TransparencyMK\/","article_modified_time":"2023-10-09T10:01:53+00:00","twitter_card":"summary_large_image","twitter_site":"@ti_macedonia","twitter_misc":{"Est. reading time":"1 minute"},"schema":{"@context":"https:\/\/schema.org","@graph":[{"@type":"WebPage","@id":"https:\/\/transparency.mk\/publikacii\/","url":"https:\/\/transparency.mk\/publikacii\/","name":"Botime - Transparency International","isPartOf":{"@id":"https:\/\/transparency.mk\/#website"},"datePublished":"2020-12-16T08:57:21+00:00","dateModified":"2023-10-09T10:01:53+00:00","breadcrumb":{"@id":"https:\/\/transparency.mk\/publikacii\/#breadcrumb"},"inLanguage":"sq-AL","potentialAction":[{"@type":"ReadAction","target":["https:\/\/transparency.mk\/publikacii\/"]}]},{"@type":"BreadcrumbList","@id":"https:\/\/transparency.mk\/publikacii\/#breadcrumb","itemListElement":[{"@type":"ListItem","position":1,"name":"Home","item":"https:\/\/transparency.mk\/sq\/"},{"@type":"ListItem","position":2,"name":"Botime"}]},{"@type":"WebSite","@id":"https:\/\/transparency.mk\/#website","url":"https:\/\/transparency.mk\/","name":"Transparency International","description":"Maqedoni","publisher":{"@id":"https:\/\/transparency.mk\/#organization"},"potentialAction":[{"@type":"SearchAction","target":{"@type":"EntryPoint","urlTemplate":"https:\/\/transparency.mk\/?s={search_term_string}"},"query-input":{"@type":"PropertyValueSpecification","valueRequired":true,"valueName":"search_term_string"}}],"inLanguage":"sq-AL"},{"@type":"Organization","@id":"https:\/\/transparency.mk\/#organization","name":"\u0422\u0440\u0430\u043d\u0441\u043f\u0430\u0440\u0435\u043d\u0441\u0438 \u0418\u043d\u0442\u0435\u0440\u043d\u0435\u0448\u043d\u043b - \u041c\u0430\u043a\u0435\u0434\u043e\u043d\u0438\u0458\u0430","url":"https:\/\/transparency.mk\/","logo":{"@type":"ImageObject","inLanguage":"sq-AL","@id":"https:\/\/transparency.mk\/#\/schema\/logo\/image\/","url":"https:\/\/transparency.mk\/wp-content\/uploads\/2020\/10\/transparency-mk-logo.png","contentUrl":"https:\/\/transparency.mk\/wp-content\/uploads\/2020\/10\/transparency-mk-logo.png","width":250,"height":75,"caption":"\u0422\u0440\u0430\u043d\u0441\u043f\u0430\u0440\u0435\u043d\u0441\u0438 \u0418\u043d\u0442\u0435\u0440\u043d\u0435\u0448\u043d\u043b - \u041c\u0430\u043a\u0435\u0434\u043e\u043d\u0438\u0458\u0430"},"image":{"@id":"https:\/\/transparency.mk\/#\/schema\/logo\/image\/"},"sameAs":["https:\/\/www.facebook.com\/TransparencyMK\/","https:\/\/x.com\/ti_macedonia","https:\/\/www.instagram.com\/timacedonia\/","https:\/\/youtube.com\/user\/tzcmacedonia\/"]}]}},"_links":{"self":[{"href":"https:\/\/transparency.mk\/sq\/wp-json\/wp\/v2\/pages\/9262","targetHints":{"allow":["GET"]}}],"collection":[{"href":"https:\/\/transparency.mk\/sq\/wp-json\/wp\/v2\/pages"}],"about":[{"href":"https:\/\/transparency.mk\/sq\/wp-json\/wp\/v2\/types\/page"}],"author":[{"embeddable":true,"href":"https:\/\/transparency.mk\/sq\/wp-json\/wp\/v2\/users\/1"}],"replies":[{"embeddable":true,"href":"https:\/\/transparency.mk\/sq\/wp-json\/wp\/v2\/comments?post=9262"}],"version-history":[{"count":8,"href":"https:\/\/transparency.mk\/sq\/wp-json\/wp\/v2\/pages\/9262\/revisions"}],"predecessor-version":[{"id":12440,"href":"https:\/\/transparency.mk\/sq\/wp-json\/wp\/v2\/pages\/9262\/revisions\/12440"}],"wp:attachment":[{"href":"https:\/\/transparency.mk\/sq\/wp-json\/wp\/v2\/media?parent=9262"}],"curies":[{"name":"wp","href":"https:\/\/api.w.org\/{rel}","templated":true}]}}