{"id":9291,"date":"2020-11-03T14:54:44","date_gmt":"2020-11-03T14:54:44","guid":{"rendered":"https:\/\/transparency.web.com.mk\/misija\/"},"modified":"2021-02-12T17:39:35","modified_gmt":"2021-02-12T16:39:35","slug":"misioni","status":"publish","type":"page","link":"https:\/\/transparency.mk\/sq\/misioni\/","title":{"rendered":"Misioni"},"content":{"rendered":"<div class=\"wpb-content-wrapper\"><p>[vc_row equal_height=&#8221;yes&#8221; content_placement=&#8221;middle&#8221; type=&#8221;vc_default&#8221; margin_top=&#8221;5&#8243; margin_bottom=&#8221;10&#8243; css=&#8221;.vc_custom_1612531552207{padding-top: 70px !important;padding-bottom: 70px !important;}&#8221;][vc_column]<div id=\"ultimate-heading-463369de4b91c959d\" class=\"uvc-heading ult-adjust-bottom-margin ultimate-heading-463369de4b91c959d uvc-4889 \" data-hspacer=\"no_spacer\"  data-halign=\"center\" style=\"text-align:center\"><div class=\"uvc-heading-spacer no_spacer\" style=\"top\"><\/div><div class=\"uvc-main-heading ult-responsive\"  data-ultimate-target='.uvc-heading.ultimate-heading-463369de4b91c959d h2'  data-responsive-json-new='{\"font-size\":\"desktop:44px;\",\"line-height\":\"desktop:54px;\"}' ><h2 style=\"font-weight:bold;margin-bottom:65px;\">Misioni<\/h2><\/div><\/div><div class=\"standard-arrow list-divider bullet-top\"><p>Objektivi kryesor i programit t\u00eb pun\u00ebs s\u00eb shoqat\u00ebs s\u00eb qytetar\u00ebve \u201cTransparency International &#8211; Maqedoni\u201d \u00ebsht\u00eb t\u00eb vendoset nj\u00eb sistem i qeveresjes s\u00eb mir\u00eb p\u00ebr nj\u00eb prevencion m\u00eb efikas n\u00eb luft\u00ebn kund\u00ebr korrupsionit \u2013 i cili do t\u00eb mund t\u00eb implementohet n\u00ebp\u00ebrmjet k\u00ebtyre aktiviteteve:<\/p>\n<ul>\n<li>Analiz\u00eb e legjislatur\u00ebs komb\u00ebtare, analiz\u00eb komparative dhe analiz\u00eb e rekomandimeve (realizimi do t\u00eb b\u00ebhet n\u00ebp\u00ebrmjet seminareve dhe rekomandimeve t\u00eb ekspert\u00ebve)<\/li>\n<li>Monitorim i implementimit t\u00eb ligjeve p\u00ebr anti-korrupsion dhe ndryshimeve n\u00eb legjislatur\u00eb (nj\u00eb grup ekspert\u00ebsh do t\u00eb jet\u00eb p\u00ebrgjegj\u00ebs p\u00ebr zhvillimin e indikues\u00ebve efikas\u00eb, grumbullimin e t\u00eb dh\u00ebnave empirike, analiz\u00eb dhe orientim t\u00eb rekomandimeve, sugjerimeve)<\/li>\n<li>Analiz\u00eb mbi sistemin e integritetit komb\u00ebtar n\u00eb Republik\u00ebn e Maqedonis\u00eb n\u00ebp\u00ebrmjet analiz\u00ebs s\u00eb shtyllave t\u00eb anti-korrupsionit. Do t\u00eb b\u00ebhet nj\u00eb krahasim i periudh\u00ebs nga viti 2002 (4 vjet\u00eb);<\/li>\n<li>Realizim i projektit Kultura e Ligjit kundrejt korrupsionit. Aktivitete n\u00eb bashk\u00ebpunim me organizatat joqeveritare nga disa sfera, n\u00eb disa qytete, n\u00eb kuad\u00ebr t\u00eb t\u00eb cilave do t\u00eb diskutohet rreth sundimit t\u00eb s\u00eb drejt\u00ebs dhe respektimit t\u00eb ligjeve, si nj\u00eb parakusht p\u00ebr nj\u00eb luft\u00eb efikase kund\u00ebr korrupsionit;<\/li>\n<li>Futja e programit p\u00ebr anti-korrupsion n\u00ebp\u00ebr shkollat tet\u00ebvje\u00e7are n\u00eb bashk\u00ebpunim me Ministrin\u00eb e arsimit;<\/li>\n<li>Implementimi i Deklarat\u00ebs \u201c0\u201d \u2013 Toleranc\u00eb p\u00ebr korrupsionin<\/li>\n<li>Menaxhim korporativ dhe zhvillim i kodit etik p\u00ebr sektorin privat;<\/li>\n<li>Monitorim mbi implementimin e strategjive t\u00eb anti-korrupsionit dhe t\u00eb standardeve nd\u00ebrkomb\u00ebtare<\/li>\n<li>Masa p\u00ebr parandalim dhe kontroll t\u00eb mund\u00ebsive p\u00ebr korrupsion n\u00eb sfer\u00ebn e mediave si dhe<\/li>\n<\/ul>\n<p>Projekte t\u00eb tjera lidhur me sundimin e t\u00eb drejt\u00ebs dhe me menaxhimin e mir\u00eb t\u00eb cilat do t\u00eb dalin nga aktivitetet aktuale n\u00eb k\u00ebt\u00eb sfer\u00eb<\/p>\n<\/div>[\/vc_column][\/vc_row]<\/p>\n<\/div>","protected":false},"excerpt":{"rendered":"<p>[vc_row equal_height=&#8221;yes&#8221; content_placement=&#8221;middle&#8221; type=&#8221;vc_default&#8221; margin_top=&#8221;5&#8243; margin_bottom=&#8221;10&#8243; css=&#8221;.vc_custom_1612531552207{padding-top: 70px !important;padding-bottom: 70px !important;}&#8221;][vc_column][\/vc_column][\/vc_row]<\/p>\n","protected":false},"author":1,"featured_media":0,"parent":0,"menu_order":5,"comment_status":"closed","ping_status":"closed","template":"","meta":{"_monsterinsights_skip_tracking":false,"_monsterinsights_sitenote_active":false,"_monsterinsights_sitenote_note":"","_monsterinsights_sitenote_category":0,"footnotes":""},"class_list":["post-9291","page","type-page","status-publish","hentry","description-off"],"yoast_head":"<!-- This site is optimized with the Yoast SEO plugin v25.8 - https:\/\/yoast.com\/wordpress\/plugins\/seo\/ -->\n<title>Misioni - Transparency International<\/title>\n<meta name=\"robots\" content=\"index, follow, max-snippet:-1, max-image-preview:large, max-video-preview:-1\" \/>\n<link rel=\"canonical\" href=\"https:\/\/transparency.mk\/misija\/\" \/>\n<meta property=\"og:locale\" content=\"sq_AL\" \/>\n<meta property=\"og:type\" content=\"article\" \/>\n<meta property=\"og:title\" content=\"Misioni - Transparency International\" \/>\n<meta property=\"og:description\" content=\"[vc_row equal_height=&#8221;yes&#8221; content_placement=&#8221;middle&#8221; type=&#8221;vc_default&#8221; margin_top=&#8221;5&#8243; margin_bottom=&#8221;10&#8243; css=&#8221;.vc_custom_1612531552207{padding-top: 70px !important;padding-bottom: 70px !important;}&#8221;][vc_column][\/vc_column][\/vc_row]\" \/>\n<meta property=\"og:url\" content=\"https:\/\/transparency.mk\/misija\/\" \/>\n<meta property=\"og:site_name\" content=\"Transparency International\" \/>\n<meta property=\"article:publisher\" content=\"https:\/\/www.facebook.com\/TransparencyMK\/\" \/>\n<meta property=\"article:modified_time\" content=\"2021-02-12T16:39:35+00:00\" \/>\n<meta name=\"twitter:card\" content=\"summary_large_image\" \/>\n<meta name=\"twitter:site\" content=\"@ti_macedonia\" \/>\n<meta name=\"twitter:label1\" content=\"Est. reading time\" \/>\n\t<meta name=\"twitter:data1\" content=\"2 minutes\" \/>\n<script type=\"application\/ld+json\" class=\"yoast-schema-graph\">{\"@context\":\"https:\/\/schema.org\",\"@graph\":[{\"@type\":\"WebPage\",\"@id\":\"https:\/\/transparency.mk\/misija\/\",\"url\":\"https:\/\/transparency.mk\/misija\/\",\"name\":\"Misioni - Transparency International\",\"isPartOf\":{\"@id\":\"https:\/\/transparency.mk\/#website\"},\"datePublished\":\"2020-11-03T14:54:44+00:00\",\"dateModified\":\"2021-02-12T16:39:35+00:00\",\"breadcrumb\":{\"@id\":\"https:\/\/transparency.mk\/misija\/#breadcrumb\"},\"inLanguage\":\"sq-AL\",\"potentialAction\":[{\"@type\":\"ReadAction\",\"target\":[\"https:\/\/transparency.mk\/misija\/\"]}]},{\"@type\":\"BreadcrumbList\",\"@id\":\"https:\/\/transparency.mk\/misija\/#breadcrumb\",\"itemListElement\":[{\"@type\":\"ListItem\",\"position\":1,\"name\":\"Home\",\"item\":\"https:\/\/transparency.mk\/sq\/\"},{\"@type\":\"ListItem\",\"position\":2,\"name\":\"Misioni\"}]},{\"@type\":\"WebSite\",\"@id\":\"https:\/\/transparency.mk\/#website\",\"url\":\"https:\/\/transparency.mk\/\",\"name\":\"Transparency International\",\"description\":\"Maqedoni\",\"publisher\":{\"@id\":\"https:\/\/transparency.mk\/#organization\"},\"potentialAction\":[{\"@type\":\"SearchAction\",\"target\":{\"@type\":\"EntryPoint\",\"urlTemplate\":\"https:\/\/transparency.mk\/?s={search_term_string}\"},\"query-input\":{\"@type\":\"PropertyValueSpecification\",\"valueRequired\":true,\"valueName\":\"search_term_string\"}}],\"inLanguage\":\"sq-AL\"},{\"@type\":\"Organization\",\"@id\":\"https:\/\/transparency.mk\/#organization\",\"name\":\"\u0422\u0440\u0430\u043d\u0441\u043f\u0430\u0440\u0435\u043d\u0441\u0438 \u0418\u043d\u0442\u0435\u0440\u043d\u0435\u0448\u043d\u043b - \u041c\u0430\u043a\u0435\u0434\u043e\u043d\u0438\u0458\u0430\",\"url\":\"https:\/\/transparency.mk\/\",\"logo\":{\"@type\":\"ImageObject\",\"inLanguage\":\"sq-AL\",\"@id\":\"https:\/\/transparency.mk\/#\/schema\/logo\/image\/\",\"url\":\"https:\/\/transparency.mk\/wp-content\/uploads\/2020\/10\/transparency-mk-logo.png\",\"contentUrl\":\"https:\/\/transparency.mk\/wp-content\/uploads\/2020\/10\/transparency-mk-logo.png\",\"width\":250,\"height\":75,\"caption\":\"\u0422\u0440\u0430\u043d\u0441\u043f\u0430\u0440\u0435\u043d\u0441\u0438 \u0418\u043d\u0442\u0435\u0440\u043d\u0435\u0448\u043d\u043b - \u041c\u0430\u043a\u0435\u0434\u043e\u043d\u0438\u0458\u0430\"},\"image\":{\"@id\":\"https:\/\/transparency.mk\/#\/schema\/logo\/image\/\"},\"sameAs\":[\"https:\/\/www.facebook.com\/TransparencyMK\/\",\"https:\/\/x.com\/ti_macedonia\",\"https:\/\/www.instagram.com\/timacedonia\/\",\"https:\/\/youtube.com\/user\/tzcmacedonia\/\"]}]}<\/script>\n<!-- \/ Yoast SEO plugin. -->","yoast_head_json":{"title":"Misioni - Transparency International","robots":{"index":"index","follow":"follow","max-snippet":"max-snippet:-1","max-image-preview":"max-image-preview:large","max-video-preview":"max-video-preview:-1"},"canonical":"https:\/\/transparency.mk\/misija\/","og_locale":"sq_AL","og_type":"article","og_title":"Misioni - Transparency International","og_description":"[vc_row equal_height=&#8221;yes&#8221; content_placement=&#8221;middle&#8221; type=&#8221;vc_default&#8221; margin_top=&#8221;5&#8243; margin_bottom=&#8221;10&#8243; css=&#8221;.vc_custom_1612531552207{padding-top: 70px !important;padding-bottom: 70px !important;}&#8221;][vc_column][\/vc_column][\/vc_row]","og_url":"https:\/\/transparency.mk\/misija\/","og_site_name":"Transparency International","article_publisher":"https:\/\/www.facebook.com\/TransparencyMK\/","article_modified_time":"2021-02-12T16:39:35+00:00","twitter_card":"summary_large_image","twitter_site":"@ti_macedonia","twitter_misc":{"Est. reading time":"2 minutes"},"schema":{"@context":"https:\/\/schema.org","@graph":[{"@type":"WebPage","@id":"https:\/\/transparency.mk\/misija\/","url":"https:\/\/transparency.mk\/misija\/","name":"Misioni - Transparency International","isPartOf":{"@id":"https:\/\/transparency.mk\/#website"},"datePublished":"2020-11-03T14:54:44+00:00","dateModified":"2021-02-12T16:39:35+00:00","breadcrumb":{"@id":"https:\/\/transparency.mk\/misija\/#breadcrumb"},"inLanguage":"sq-AL","potentialAction":[{"@type":"ReadAction","target":["https:\/\/transparency.mk\/misija\/"]}]},{"@type":"BreadcrumbList","@id":"https:\/\/transparency.mk\/misija\/#breadcrumb","itemListElement":[{"@type":"ListItem","position":1,"name":"Home","item":"https:\/\/transparency.mk\/sq\/"},{"@type":"ListItem","position":2,"name":"Misioni"}]},{"@type":"WebSite","@id":"https:\/\/transparency.mk\/#website","url":"https:\/\/transparency.mk\/","name":"Transparency International","description":"Maqedoni","publisher":{"@id":"https:\/\/transparency.mk\/#organization"},"potentialAction":[{"@type":"SearchAction","target":{"@type":"EntryPoint","urlTemplate":"https:\/\/transparency.mk\/?s={search_term_string}"},"query-input":{"@type":"PropertyValueSpecification","valueRequired":true,"valueName":"search_term_string"}}],"inLanguage":"sq-AL"},{"@type":"Organization","@id":"https:\/\/transparency.mk\/#organization","name":"\u0422\u0440\u0430\u043d\u0441\u043f\u0430\u0440\u0435\u043d\u0441\u0438 \u0418\u043d\u0442\u0435\u0440\u043d\u0435\u0448\u043d\u043b - \u041c\u0430\u043a\u0435\u0434\u043e\u043d\u0438\u0458\u0430","url":"https:\/\/transparency.mk\/","logo":{"@type":"ImageObject","inLanguage":"sq-AL","@id":"https:\/\/transparency.mk\/#\/schema\/logo\/image\/","url":"https:\/\/transparency.mk\/wp-content\/uploads\/2020\/10\/transparency-mk-logo.png","contentUrl":"https:\/\/transparency.mk\/wp-content\/uploads\/2020\/10\/transparency-mk-logo.png","width":250,"height":75,"caption":"\u0422\u0440\u0430\u043d\u0441\u043f\u0430\u0440\u0435\u043d\u0441\u0438 \u0418\u043d\u0442\u0435\u0440\u043d\u0435\u0448\u043d\u043b - \u041c\u0430\u043a\u0435\u0434\u043e\u043d\u0438\u0458\u0430"},"image":{"@id":"https:\/\/transparency.mk\/#\/schema\/logo\/image\/"},"sameAs":["https:\/\/www.facebook.com\/TransparencyMK\/","https:\/\/x.com\/ti_macedonia","https:\/\/www.instagram.com\/timacedonia\/","https:\/\/youtube.com\/user\/tzcmacedonia\/"]}]}},"_links":{"self":[{"href":"https:\/\/transparency.mk\/sq\/wp-json\/wp\/v2\/pages\/9291","targetHints":{"allow":["GET"]}}],"collection":[{"href":"https:\/\/transparency.mk\/sq\/wp-json\/wp\/v2\/pages"}],"about":[{"href":"https:\/\/transparency.mk\/sq\/wp-json\/wp\/v2\/types\/page"}],"author":[{"embeddable":true,"href":"https:\/\/transparency.mk\/sq\/wp-json\/wp\/v2\/users\/1"}],"replies":[{"embeddable":true,"href":"https:\/\/transparency.mk\/sq\/wp-json\/wp\/v2\/comments?post=9291"}],"version-history":[{"count":2,"href":"https:\/\/transparency.mk\/sq\/wp-json\/wp\/v2\/pages\/9291\/revisions"}],"predecessor-version":[{"id":9293,"href":"https:\/\/transparency.mk\/sq\/wp-json\/wp\/v2\/pages\/9291\/revisions\/9293"}],"wp:attachment":[{"href":"https:\/\/transparency.mk\/sq\/wp-json\/wp\/v2\/media?parent=9291"}],"curies":[{"name":"wp","href":"https:\/\/api.w.org\/{rel}","templated":true}]}}