{"id":9798,"date":"2020-12-04T16:05:28","date_gmt":"2020-12-04T15:05:28","guid":{"rendered":"https:\/\/transparency.web.com.mk\/vkluchete-se-vo-zaednichka-borba-protiv-korupcijata\/"},"modified":"2021-02-22T14:33:12","modified_gmt":"2021-02-22T13:33:12","slug":"perfshiheni-ne-nje-lufte-te-perbashket-kunder-korrupsioni","status":"publish","type":"page","link":"https:\/\/transparency.mk\/sq\/perfshiheni-ne-nje-lufte-te-perbashket-kunder-korrupsioni\/","title":{"rendered":"P\u00ebrfshiheni n\u00eb nj\u00eb luft\u00eb t\u00eb p\u00ebrbashk\u00ebt kund\u00ebr korrupsioni"},"content":{"rendered":"<div class=\"wpb-content-wrapper\"><p>[vc_row equal_height=&#8221;yes&#8221; content_placement=&#8221;middle&#8221; type=&#8221;vc_default&#8221; margin_top=&#8221;5&#8243; margin_bottom=&#8221;10&#8243; css=&#8221;.vc_custom_1612548207133{padding-top: 70px !important;padding-bottom: 70px !important;}&#8221;][vc_column]<style type=\"text\/css\" data-type=\"the7_shortcodes-inline-css\">.shortcode-single-image-wrap.shortcode-single-image-d12893c2ea03c3ac860018e0af3202c8.enable-bg-rollover .rollover i,\n.shortcode-single-image-wrap.shortcode-single-image-d12893c2ea03c3ac860018e0af3202c8.enable-bg-rollover .rollover-video i {\n  background: ;\n  background: -webkit-linear-gradient();\n  background: linear-gradient();\n}\n.shortcode-single-image-wrap.shortcode-single-image-d12893c2ea03c3ac860018e0af3202c8 .rollover-icon {\n  font-size: 32px;\n  color: #ffffff;\n  min-width: 44px;\n  min-height: 44px;\n  line-height: 44px;\n  border-radius: 100px;\n  border-style: solid;\n  border-width: 0px;\n}\n.dt-icon-bg-on.shortcode-single-image-wrap.shortcode-single-image-d12893c2ea03c3ac860018e0af3202c8 .rollover-icon {\n  background: rgba(255,255,255,0.3);\n  box-shadow: none;\n}\n<\/style><div class=\"shortcode-single-image-wrap shortcode-single-image-d12893c2ea03c3ac860018e0af3202c8 alignnone  vc_custom_1607094411544 enable-bg-rollover dt-icon-bg-off\" ><div class=\"shortcode-single-image\"><div class=\"fancy-media-wrap  layzr-bg\" style=\"\"><img fetchpriority=\"high\" decoding=\"async\" class=\"preload-me lazy-load aspect\" src=\"data:image\/svg+xml,%3Csvg%20xmlns%3D&#39;http%3A%2F%2Fwww.w3.org%2F2000%2Fsvg&#39;%20viewBox%3D&#39;0%200%20450%20412&#39;%2F%3E\" data-src=\"https:\/\/transparency.mk\/wp-content\/uploads\/2020\/12\/vklucise-450x412.png\" data-srcset=\"https:\/\/transparency.mk\/wp-content\/uploads\/2020\/12\/vklucise-450x412.png 450w, https:\/\/transparency.mk\/wp-content\/uploads\/2020\/12\/vklucise.png 701w\" loading=\"eager\" sizes=\"(max-width: 450px) 100vw, 450px\" width=\"450\" height=\"412\"  data-dt-location=\"https:\/\/transparency.mk\/sq\/vkluchete-se-vo-zaednichka-borba-protiv-korupcijata\/vklucise\/\" style=\"--ratio: 450 \/ 412;\" alt=\"\" \/><\/div><\/div><\/div>[\/vc_column][vc_column][vc_column_text]Transparency International Maqedoni Ju inkurajon n\u00eb rast se keni njohuri t\u00eb bazuar p\u00ebr egzistim t\u00eb korrupsionit ose n\u00eb rast se Ju keni qen\u00eb dh\u00ebshmitar ose victim\u00eb e korrupsionit t\u00eb raportoni tek organizata jon\u00eb. K\u00ebt\u00eb mund ta b\u00ebni n\u00eb disa menyra:<\/p>\n<ul>\n<li>N\u00eb numrin e telefonit (02) 3 2 17000<\/li>\n<li>N\u00eb e-mail adres\u00eb: <a href=\"mailto:prijavikorupcija@transparency.mk\">prijavikorupcija@transparency.mk<\/a><\/li>\n<li>Me mbushjen e aplikacionit p\u00ebr lajmerim:<br \/>\n<a href=\"https:\/\/transparency.mk\/sq\/paraqit-korrupsion\/\"><strong>PARAQIT KORRUPSION<\/strong><\/a><\/li>\n<\/ul>\n<ul>\n<li>Me mesazhe n\u00eb Facebook profil tek Transparency Internatiional \u2013 Maqedoni:<br \/>\n<a href=\"https:\/\/www.facebook.com\/TransparencyMK\">https:\/\/www.facebook.com\/TransparencyMK<\/a><\/li>\n<\/ul>\n<ul>\n<li>P\u00ebrmes post\u00ebs:<br \/>\nRr: Naum Naumovski Borce nr.58<br \/>\nP.F 270<br \/>\n1000 Shkup<br \/>\nRepublik\u00ebn e Maqedonis\u00eb s\u00eb Veriut<\/li>\n<\/ul>\n<p>N\u00ebse d\u00ebshironi dhe keni mund\u00ebsi t\u00eb na p\u00ebrkrahni financialrisht me \u00e7ka do ta na mund\u00ebsonit n\u00eb m\u00ebnyr\u00eb m\u00eb efikase q\u00eb ti zbatojm\u00eb aktivitetet tona n\u00eb luft\u00ebn kund\u00ebr korrupsionit. Ju mund ta b\u00ebni k\u00ebt\u00eb n\u00eb k\u00ebt\u00eb menyr\u00eb: <a href=\"https:\/\/transparency.mk\/product\/donacija\/\"><strong>DHURONI<\/strong><\/a><\/p>\n<p>&nbsp;<\/p>\n<p>Faleminderit paraprakisht p\u00ebr kontributin tuaj t\u00eb dhuruar n\u00eb orgaizat\u00ebn ton\u00eb. Ju lutem ta na d\u00ebrgoni dh\u00ebnat tuaja t\u00eb kontaktit q\u00eb t\u00eb dim\u00eb p\u00ebr dhurimin tuaj.<\/p>\n<p>&nbsp;<\/p>\n<p>\u0412\u0438 \u043f\u043e\u0441\u043e\u0447\u0443\u0432\u0430\u043c\u0435 \u0434\u0430 \u0458\u0430 \u043f\u0440\u043e\u0447\u0438\u0442\u0430\u0442\u0435 \u0438 \u043d\u0430\u0448\u0430\u0442\u0430 \u043f\u043e\u043b\u0438\u0442\u0438\u043a\u0430 \u0437\u0430 \u0434\u043e\u043d\u0430\u0446\u0438\u0438 \u043d\u0430 \u0441\u043b\u0435\u0434\u043d\u0438\u043e\u0442 \u043b\u0438\u043d\u043a:<br \/>\n<a href=\"https:\/\/transparency.mk\/wp-content\/uploads\/2020\/11\/ti_politika__za_donacii_i_nasoki.pdf\">https:\/\/transparency.mk\/wp-content\/uploads\/2020\/11\/ti_politika__za_donacii_i_nasoki.pdf<\/a>[\/vc_column_text][\/vc_column][\/vc_row]<\/p>\n<\/div>","protected":false},"excerpt":{"rendered":"<p>[vc_row equal_height=&#8221;yes&#8221; content_placement=&#8221;middle&#8221; type=&#8221;vc_default&#8221; margin_top=&#8221;5&#8243; margin_bottom=&#8221;10&#8243; css=&#8221;.vc_custom_1612548207133{padding-top: 70px !important;padding-bottom: 70px !important;}&#8221;][vc_column][\/vc_column][vc_column][vc_column_text]Transparency International Maqedoni Ju inkurajon n\u00eb rast se keni njohuri t\u00eb bazuar p\u00ebr egzistim t\u00eb korrupsionit ose n\u00eb rast se Ju keni qen\u00eb dh\u00ebshmitar ose victim\u00eb e korrupsionit t\u00eb raportoni tek organizata jon\u00eb. K\u00ebt\u00eb mund ta b\u00ebni n\u00eb disa menyra: N\u00eb numrin e telefonit (02)&hellip;<\/p>\n","protected":false},"author":1,"featured_media":0,"parent":0,"menu_order":5,"comment_status":"closed","ping_status":"closed","template":"","meta":{"_monsterinsights_skip_tracking":false,"_monsterinsights_sitenote_active":false,"_monsterinsights_sitenote_note":"","_monsterinsights_sitenote_category":0,"footnotes":""},"class_list":["post-9798","page","type-page","status-publish","hentry","description-off"],"yoast_head":"<!-- This site is optimized with the Yoast SEO plugin v25.8 - https:\/\/yoast.com\/wordpress\/plugins\/seo\/ -->\n<title>P\u00ebrfshiheni n\u00eb nj\u00eb luft\u00eb t\u00eb p\u00ebrbashk\u00ebt kund\u00ebr korrupsioni - Transparency International<\/title>\n<meta name=\"robots\" content=\"index, follow, max-snippet:-1, max-image-preview:large, max-video-preview:-1\" \/>\n<link rel=\"canonical\" href=\"https:\/\/transparency.mk\/vkluchete-se-vo-zaednichka-borba-protiv-korupcijata\/\" \/>\n<meta property=\"og:locale\" content=\"sq_AL\" \/>\n<meta property=\"og:type\" content=\"article\" \/>\n<meta property=\"og:title\" content=\"P\u00ebrfshiheni n\u00eb nj\u00eb luft\u00eb t\u00eb p\u00ebrbashk\u00ebt kund\u00ebr korrupsioni - Transparency International\" \/>\n<meta property=\"og:description\" content=\"[vc_row equal_height=&#8221;yes&#8221; content_placement=&#8221;middle&#8221; type=&#8221;vc_default&#8221; margin_top=&#8221;5&#8243; margin_bottom=&#8221;10&#8243; css=&#8221;.vc_custom_1612548207133{padding-top: 70px !important;padding-bottom: 70px !important;}&#8221;][vc_column][\/vc_column][vc_column][vc_column_text]Transparency International Maqedoni Ju inkurajon n\u00eb rast se keni njohuri t\u00eb bazuar p\u00ebr egzistim t\u00eb korrupsionit ose n\u00eb rast se Ju keni qen\u00eb dh\u00ebshmitar ose victim\u00eb e korrupsionit t\u00eb raportoni tek organizata jon\u00eb. K\u00ebt\u00eb mund ta b\u00ebni n\u00eb disa menyra: N\u00eb numrin e telefonit (02)&hellip;\" \/>\n<meta property=\"og:url\" content=\"https:\/\/transparency.mk\/vkluchete-se-vo-zaednichka-borba-protiv-korupcijata\/\" \/>\n<meta property=\"og:site_name\" content=\"Transparency International\" \/>\n<meta property=\"article:publisher\" content=\"https:\/\/www.facebook.com\/TransparencyMK\/\" \/>\n<meta property=\"article:modified_time\" content=\"2021-02-22T13:33:12+00:00\" \/>\n<meta name=\"twitter:card\" content=\"summary_large_image\" \/>\n<meta name=\"twitter:site\" content=\"@ti_macedonia\" \/>\n<meta name=\"twitter:label1\" content=\"Est. reading time\" \/>\n\t<meta name=\"twitter:data1\" content=\"1 minute\" \/>\n<script type=\"application\/ld+json\" class=\"yoast-schema-graph\">{\"@context\":\"https:\/\/schema.org\",\"@graph\":[{\"@type\":\"WebPage\",\"@id\":\"https:\/\/transparency.mk\/vkluchete-se-vo-zaednichka-borba-protiv-korupcijata\/\",\"url\":\"https:\/\/transparency.mk\/vkluchete-se-vo-zaednichka-borba-protiv-korupcijata\/\",\"name\":\"P\u00ebrfshiheni n\u00eb nj\u00eb luft\u00eb t\u00eb p\u00ebrbashk\u00ebt kund\u00ebr korrupsioni - Transparency International\",\"isPartOf\":{\"@id\":\"https:\/\/transparency.mk\/#website\"},\"datePublished\":\"2020-12-04T15:05:28+00:00\",\"dateModified\":\"2021-02-22T13:33:12+00:00\",\"breadcrumb\":{\"@id\":\"https:\/\/transparency.mk\/vkluchete-se-vo-zaednichka-borba-protiv-korupcijata\/#breadcrumb\"},\"inLanguage\":\"sq-AL\",\"potentialAction\":[{\"@type\":\"ReadAction\",\"target\":[\"https:\/\/transparency.mk\/vkluchete-se-vo-zaednichka-borba-protiv-korupcijata\/\"]}]},{\"@type\":\"BreadcrumbList\",\"@id\":\"https:\/\/transparency.mk\/vkluchete-se-vo-zaednichka-borba-protiv-korupcijata\/#breadcrumb\",\"itemListElement\":[{\"@type\":\"ListItem\",\"position\":1,\"name\":\"Home\",\"item\":\"https:\/\/transparency.mk\/sq\/\"},{\"@type\":\"ListItem\",\"position\":2,\"name\":\"P\u00ebrfshiheni n\u00eb nj\u00eb luft\u00eb t\u00eb p\u00ebrbashk\u00ebt kund\u00ebr korrupsioni\"}]},{\"@type\":\"WebSite\",\"@id\":\"https:\/\/transparency.mk\/#website\",\"url\":\"https:\/\/transparency.mk\/\",\"name\":\"Transparency International\",\"description\":\"Maqedoni\",\"publisher\":{\"@id\":\"https:\/\/transparency.mk\/#organization\"},\"potentialAction\":[{\"@type\":\"SearchAction\",\"target\":{\"@type\":\"EntryPoint\",\"urlTemplate\":\"https:\/\/transparency.mk\/?s={search_term_string}\"},\"query-input\":{\"@type\":\"PropertyValueSpecification\",\"valueRequired\":true,\"valueName\":\"search_term_string\"}}],\"inLanguage\":\"sq-AL\"},{\"@type\":\"Organization\",\"@id\":\"https:\/\/transparency.mk\/#organization\",\"name\":\"\u0422\u0440\u0430\u043d\u0441\u043f\u0430\u0440\u0435\u043d\u0441\u0438 \u0418\u043d\u0442\u0435\u0440\u043d\u0435\u0448\u043d\u043b - \u041c\u0430\u043a\u0435\u0434\u043e\u043d\u0438\u0458\u0430\",\"url\":\"https:\/\/transparency.mk\/\",\"logo\":{\"@type\":\"ImageObject\",\"inLanguage\":\"sq-AL\",\"@id\":\"https:\/\/transparency.mk\/#\/schema\/logo\/image\/\",\"url\":\"https:\/\/transparency.mk\/wp-content\/uploads\/2020\/10\/transparency-mk-logo.png\",\"contentUrl\":\"https:\/\/transparency.mk\/wp-content\/uploads\/2020\/10\/transparency-mk-logo.png\",\"width\":250,\"height\":75,\"caption\":\"\u0422\u0440\u0430\u043d\u0441\u043f\u0430\u0440\u0435\u043d\u0441\u0438 \u0418\u043d\u0442\u0435\u0440\u043d\u0435\u0448\u043d\u043b - \u041c\u0430\u043a\u0435\u0434\u043e\u043d\u0438\u0458\u0430\"},\"image\":{\"@id\":\"https:\/\/transparency.mk\/#\/schema\/logo\/image\/\"},\"sameAs\":[\"https:\/\/www.facebook.com\/TransparencyMK\/\",\"https:\/\/x.com\/ti_macedonia\",\"https:\/\/www.instagram.com\/timacedonia\/\",\"https:\/\/youtube.com\/user\/tzcmacedonia\/\"]}]}<\/script>\n<!-- \/ Yoast SEO plugin. -->","yoast_head_json":{"title":"P\u00ebrfshiheni n\u00eb nj\u00eb luft\u00eb t\u00eb p\u00ebrbashk\u00ebt kund\u00ebr korrupsioni - Transparency International","robots":{"index":"index","follow":"follow","max-snippet":"max-snippet:-1","max-image-preview":"max-image-preview:large","max-video-preview":"max-video-preview:-1"},"canonical":"https:\/\/transparency.mk\/vkluchete-se-vo-zaednichka-borba-protiv-korupcijata\/","og_locale":"sq_AL","og_type":"article","og_title":"P\u00ebrfshiheni n\u00eb nj\u00eb luft\u00eb t\u00eb p\u00ebrbashk\u00ebt kund\u00ebr korrupsioni - Transparency International","og_description":"[vc_row equal_height=&#8221;yes&#8221; content_placement=&#8221;middle&#8221; type=&#8221;vc_default&#8221; margin_top=&#8221;5&#8243; margin_bottom=&#8221;10&#8243; css=&#8221;.vc_custom_1612548207133{padding-top: 70px !important;padding-bottom: 70px !important;}&#8221;][vc_column][\/vc_column][vc_column][vc_column_text]Transparency International Maqedoni Ju inkurajon n\u00eb rast se keni njohuri t\u00eb bazuar p\u00ebr egzistim t\u00eb korrupsionit ose n\u00eb rast se Ju keni qen\u00eb dh\u00ebshmitar ose victim\u00eb e korrupsionit t\u00eb raportoni tek organizata jon\u00eb. K\u00ebt\u00eb mund ta b\u00ebni n\u00eb disa menyra: N\u00eb numrin e telefonit (02)&hellip;","og_url":"https:\/\/transparency.mk\/vkluchete-se-vo-zaednichka-borba-protiv-korupcijata\/","og_site_name":"Transparency International","article_publisher":"https:\/\/www.facebook.com\/TransparencyMK\/","article_modified_time":"2021-02-22T13:33:12+00:00","twitter_card":"summary_large_image","twitter_site":"@ti_macedonia","twitter_misc":{"Est. reading time":"1 minute"},"schema":{"@context":"https:\/\/schema.org","@graph":[{"@type":"WebPage","@id":"https:\/\/transparency.mk\/vkluchete-se-vo-zaednichka-borba-protiv-korupcijata\/","url":"https:\/\/transparency.mk\/vkluchete-se-vo-zaednichka-borba-protiv-korupcijata\/","name":"P\u00ebrfshiheni n\u00eb nj\u00eb luft\u00eb t\u00eb p\u00ebrbashk\u00ebt kund\u00ebr korrupsioni - Transparency International","isPartOf":{"@id":"https:\/\/transparency.mk\/#website"},"datePublished":"2020-12-04T15:05:28+00:00","dateModified":"2021-02-22T13:33:12+00:00","breadcrumb":{"@id":"https:\/\/transparency.mk\/vkluchete-se-vo-zaednichka-borba-protiv-korupcijata\/#breadcrumb"},"inLanguage":"sq-AL","potentialAction":[{"@type":"ReadAction","target":["https:\/\/transparency.mk\/vkluchete-se-vo-zaednichka-borba-protiv-korupcijata\/"]}]},{"@type":"BreadcrumbList","@id":"https:\/\/transparency.mk\/vkluchete-se-vo-zaednichka-borba-protiv-korupcijata\/#breadcrumb","itemListElement":[{"@type":"ListItem","position":1,"name":"Home","item":"https:\/\/transparency.mk\/sq\/"},{"@type":"ListItem","position":2,"name":"P\u00ebrfshiheni n\u00eb nj\u00eb luft\u00eb t\u00eb p\u00ebrbashk\u00ebt kund\u00ebr korrupsioni"}]},{"@type":"WebSite","@id":"https:\/\/transparency.mk\/#website","url":"https:\/\/transparency.mk\/","name":"Transparency International","description":"Maqedoni","publisher":{"@id":"https:\/\/transparency.mk\/#organization"},"potentialAction":[{"@type":"SearchAction","target":{"@type":"EntryPoint","urlTemplate":"https:\/\/transparency.mk\/?s={search_term_string}"},"query-input":{"@type":"PropertyValueSpecification","valueRequired":true,"valueName":"search_term_string"}}],"inLanguage":"sq-AL"},{"@type":"Organization","@id":"https:\/\/transparency.mk\/#organization","name":"\u0422\u0440\u0430\u043d\u0441\u043f\u0430\u0440\u0435\u043d\u0441\u0438 \u0418\u043d\u0442\u0435\u0440\u043d\u0435\u0448\u043d\u043b - \u041c\u0430\u043a\u0435\u0434\u043e\u043d\u0438\u0458\u0430","url":"https:\/\/transparency.mk\/","logo":{"@type":"ImageObject","inLanguage":"sq-AL","@id":"https:\/\/transparency.mk\/#\/schema\/logo\/image\/","url":"https:\/\/transparency.mk\/wp-content\/uploads\/2020\/10\/transparency-mk-logo.png","contentUrl":"https:\/\/transparency.mk\/wp-content\/uploads\/2020\/10\/transparency-mk-logo.png","width":250,"height":75,"caption":"\u0422\u0440\u0430\u043d\u0441\u043f\u0430\u0440\u0435\u043d\u0441\u0438 \u0418\u043d\u0442\u0435\u0440\u043d\u0435\u0448\u043d\u043b - \u041c\u0430\u043a\u0435\u0434\u043e\u043d\u0438\u0458\u0430"},"image":{"@id":"https:\/\/transparency.mk\/#\/schema\/logo\/image\/"},"sameAs":["https:\/\/www.facebook.com\/TransparencyMK\/","https:\/\/x.com\/ti_macedonia","https:\/\/www.instagram.com\/timacedonia\/","https:\/\/youtube.com\/user\/tzcmacedonia\/"]}]}},"_links":{"self":[{"href":"https:\/\/transparency.mk\/sq\/wp-json\/wp\/v2\/pages\/9798","targetHints":{"allow":["GET"]}}],"collection":[{"href":"https:\/\/transparency.mk\/sq\/wp-json\/wp\/v2\/pages"}],"about":[{"href":"https:\/\/transparency.mk\/sq\/wp-json\/wp\/v2\/types\/page"}],"author":[{"embeddable":true,"href":"https:\/\/transparency.mk\/sq\/wp-json\/wp\/v2\/users\/1"}],"replies":[{"embeddable":true,"href":"https:\/\/transparency.mk\/sq\/wp-json\/wp\/v2\/comments?post=9798"}],"version-history":[{"count":2,"href":"https:\/\/transparency.mk\/sq\/wp-json\/wp\/v2\/pages\/9798\/revisions"}],"predecessor-version":[{"id":9801,"href":"https:\/\/transparency.mk\/sq\/wp-json\/wp\/v2\/pages\/9798\/revisions\/9801"}],"wp:attachment":[{"href":"https:\/\/transparency.mk\/sq\/wp-json\/wp\/v2\/media?parent=9798"}],"curies":[{"name":"wp","href":"https:\/\/api.w.org\/{rel}","templated":true}]}}