{"id":9810,"date":"2020-12-04T15:54:48","date_gmt":"2020-12-04T14:54:48","guid":{"rendered":"https:\/\/transparency.web.com.mk\/shto-pretstavuva-korupcijata\/"},"modified":"2021-02-22T14:53:05","modified_gmt":"2021-02-22T13:53:05","slug":"cfare-perfaqeson-korrupsioni","status":"publish","type":"page","link":"https:\/\/transparency.mk\/sq\/cfare-perfaqeson-korrupsioni\/","title":{"rendered":"\u00c7far\u00eb p\u00ebrfaq\u00ebson korrupsioni?"},"content":{"rendered":"<div class=\"wpb-content-wrapper\"><p>[vc_row equal_height=&#8221;yes&#8221; content_placement=&#8221;middle&#8221; type=&#8221;vc_default&#8221; margin_top=&#8221;5&#8243; margin_bottom=&#8221;10&#8243; css=&#8221;.vc_custom_1612548193196{padding-top: 70px !important;padding-bottom: 70px !important;}&#8221;][vc_column width=&#8221;1\/2&#8243;][vc_single_image image=&#8221;2488&#8243; img_size=&#8221;large&#8221; alignment=&#8221;center&#8221;][\/vc_column][vc_column width=&#8221;1\/2&#8243;][vc_single_image image=&#8221;2491&#8243; img_size=&#8221;full&#8221; alignment=&#8221;center&#8221;][\/vc_column][vc_column][vc_column_text]Korrupsioni vjen n\u00eb shum\u00eb lloja dhe mund t\u00eb p\u00ebrfshij\u00eb:<\/p>\n<ul>\n<li>N\u00ebpun\u00ebsit publik\u00eb q\u00eb k\u00ebrkojn\u00eb ose marrin para n\u00eb k\u00ebmbin t\u00eb ndonj\u00eb sh\u00ebrbimi<\/li>\n<li>Politikanet t\u00eb cil\u00ebt i abuzojn\u00eb fondet publike, u japin pozicione t\u00eb pun\u00ebs ose kontrata t\u00eb tjera sponzor\u00ebve t\u00eb tyre, shok\u00ebve dhe familijeve<\/li>\n<li>Kompanit\u00eb q\u00eb u japin rushfet zyrtar\u00ebve p\u00ebr t\u00eb marr\u00eb kontrata m\u00eb t\u00eb favorshme.<\/li>\n<\/ul>\n<p>Korrupsioni zakonisht ndodh me diskrecion dhe n\u00eb varr\u00ebsi te asaj se ku dhe n\u00eb \u00e7far\u00eb m\u00ebnyre manifestohet, ai shpesh \u00ebsht\u00eb mund\u00ebsuar me ndihimin e bankave, avokat\u00ebve, kontabilist\u00ebve, transakcioneve \u00a0jotransparente, larjeve t\u00eb parave, pasurimit joproporcional.<\/p>\n<p><strong>Cili \u00ebsht\u00eb \u00e7mimi i korrupsionit?<\/strong><\/p>\n<p>Politik<\/p>\n<ul>\n<li>Lirit\u00eb e qytetar\u00ebve dhe sundimi i ligjit<\/li>\n<\/ul>\n<p>Shoq\u00ebrore<\/p>\n<ul>\n<li>Besimi i qytetar\u00ebve n\u00eb pushtetin dhe sistemin, edhe p\u00ebrfshirja e tyre n\u00eb sjelljen e vendimeve dhe t\u00eb politikave.<\/li>\n<\/ul>\n<p>Ekologjike<\/p>\n<ul>\n<li>E drejta dhe mund\u00ebsia p\u00ebr nj\u00eb mjedis t\u00eb sh\u00ebndetsh\u00ebm dhe t\u00eb ardhme t\u00eb q\u00ebndrueshme.<\/li>\n<\/ul>\n<p>Ekonomike<\/p>\n<ul>\n<li>Mund\u00ebsia e qytetar\u00ebve t\u00eb ken\u00eb m\u00eb shum\u00eb mjetet financiare, si edhe t\u00eb ken\u00eb mund\u00ebsi t\u00eb rritin t\u00eb ardhurat e tyre financiare.<\/li>\n<\/ul>\n<p>[\/vc_column_text][\/vc_column][\/vc_row]<\/p>\n<\/div>","protected":false},"excerpt":{"rendered":"<p>[vc_row equal_height=&#8221;yes&#8221; content_placement=&#8221;middle&#8221; type=&#8221;vc_default&#8221; margin_top=&#8221;5&#8243; margin_bottom=&#8221;10&#8243; css=&#8221;.vc_custom_1612548193196{padding-top: 70px !important;padding-bottom: 70px !important;}&#8221;][vc_column width=&#8221;1\/2&#8243;][vc_single_image image=&#8221;2488&#8243; img_size=&#8221;large&#8221; alignment=&#8221;center&#8221;][\/vc_column][vc_column width=&#8221;1\/2&#8243;][vc_single_image image=&#8221;2491&#8243; img_size=&#8221;full&#8221; alignment=&#8221;center&#8221;][\/vc_column][vc_column][vc_column_text]Korrupsioni vjen n\u00eb shum\u00eb lloja dhe mund t\u00eb p\u00ebrfshij\u00eb: N\u00ebpun\u00ebsit publik\u00eb q\u00eb k\u00ebrkojn\u00eb ose marrin para n\u00eb k\u00ebmbin t\u00eb ndonj\u00eb sh\u00ebrbimi Politikanet t\u00eb cil\u00ebt i abuzojn\u00eb fondet publike, u japin pozicione t\u00eb pun\u00ebs ose kontrata t\u00eb tjera&hellip;<\/p>\n","protected":false},"author":1,"featured_media":0,"parent":0,"menu_order":5,"comment_status":"closed","ping_status":"closed","template":"","meta":{"_monsterinsights_skip_tracking":false,"_monsterinsights_sitenote_active":false,"_monsterinsights_sitenote_note":"","_monsterinsights_sitenote_category":0,"footnotes":""},"class_list":["post-9810","page","type-page","status-publish","hentry","description-off"],"yoast_head":"<!-- This site is optimized with the Yoast SEO plugin v25.8 - https:\/\/yoast.com\/wordpress\/plugins\/seo\/ -->\n<title>\u00c7far\u00eb p\u00ebrfaq\u00ebson korrupsioni? - Transparency International<\/title>\n<meta name=\"robots\" content=\"index, follow, max-snippet:-1, max-image-preview:large, max-video-preview:-1\" \/>\n<link rel=\"canonical\" href=\"https:\/\/transparency.mk\/shto-pretstavuva-korupcijata\/\" \/>\n<meta property=\"og:locale\" content=\"sq_AL\" \/>\n<meta property=\"og:type\" content=\"article\" \/>\n<meta property=\"og:title\" content=\"\u00c7far\u00eb p\u00ebrfaq\u00ebson korrupsioni? - Transparency International\" \/>\n<meta property=\"og:description\" content=\"[vc_row equal_height=&#8221;yes&#8221; content_placement=&#8221;middle&#8221; type=&#8221;vc_default&#8221; margin_top=&#8221;5&#8243; margin_bottom=&#8221;10&#8243; css=&#8221;.vc_custom_1612548193196{padding-top: 70px !important;padding-bottom: 70px !important;}&#8221;][vc_column width=&#8221;1\/2&#8243;][vc_single_image image=&#8221;2488&#8243; img_size=&#8221;large&#8221; alignment=&#8221;center&#8221;][\/vc_column][vc_column width=&#8221;1\/2&#8243;][vc_single_image image=&#8221;2491&#8243; img_size=&#8221;full&#8221; alignment=&#8221;center&#8221;][\/vc_column][vc_column][vc_column_text]Korrupsioni vjen n\u00eb shum\u00eb lloja dhe mund t\u00eb p\u00ebrfshij\u00eb: N\u00ebpun\u00ebsit publik\u00eb q\u00eb k\u00ebrkojn\u00eb ose marrin para n\u00eb k\u00ebmbin t\u00eb ndonj\u00eb sh\u00ebrbimi Politikanet t\u00eb cil\u00ebt i abuzojn\u00eb fondet publike, u japin pozicione t\u00eb pun\u00ebs ose kontrata t\u00eb tjera&hellip;\" \/>\n<meta property=\"og:url\" content=\"https:\/\/transparency.mk\/shto-pretstavuva-korupcijata\/\" \/>\n<meta property=\"og:site_name\" content=\"Transparency International\" \/>\n<meta property=\"article:publisher\" content=\"https:\/\/www.facebook.com\/TransparencyMK\/\" \/>\n<meta property=\"article:modified_time\" content=\"2021-02-22T13:53:05+00:00\" \/>\n<meta name=\"twitter:card\" content=\"summary_large_image\" \/>\n<meta name=\"twitter:site\" content=\"@ti_macedonia\" \/>\n<meta name=\"twitter:label1\" content=\"Est. reading time\" \/>\n\t<meta name=\"twitter:data1\" content=\"1 minute\" \/>\n<script type=\"application\/ld+json\" class=\"yoast-schema-graph\">{\"@context\":\"https:\/\/schema.org\",\"@graph\":[{\"@type\":\"WebPage\",\"@id\":\"https:\/\/transparency.mk\/shto-pretstavuva-korupcijata\/\",\"url\":\"https:\/\/transparency.mk\/shto-pretstavuva-korupcijata\/\",\"name\":\"\u00c7far\u00eb p\u00ebrfaq\u00ebson korrupsioni? - Transparency International\",\"isPartOf\":{\"@id\":\"https:\/\/transparency.mk\/#website\"},\"datePublished\":\"2020-12-04T14:54:48+00:00\",\"dateModified\":\"2021-02-22T13:53:05+00:00\",\"breadcrumb\":{\"@id\":\"https:\/\/transparency.mk\/shto-pretstavuva-korupcijata\/#breadcrumb\"},\"inLanguage\":\"sq-AL\",\"potentialAction\":[{\"@type\":\"ReadAction\",\"target\":[\"https:\/\/transparency.mk\/shto-pretstavuva-korupcijata\/\"]}]},{\"@type\":\"BreadcrumbList\",\"@id\":\"https:\/\/transparency.mk\/shto-pretstavuva-korupcijata\/#breadcrumb\",\"itemListElement\":[{\"@type\":\"ListItem\",\"position\":1,\"name\":\"Home\",\"item\":\"https:\/\/transparency.mk\/sq\/\"},{\"@type\":\"ListItem\",\"position\":2,\"name\":\"\u00c7far\u00eb p\u00ebrfaq\u00ebson korrupsioni?\"}]},{\"@type\":\"WebSite\",\"@id\":\"https:\/\/transparency.mk\/#website\",\"url\":\"https:\/\/transparency.mk\/\",\"name\":\"Transparency International\",\"description\":\"Maqedoni\",\"publisher\":{\"@id\":\"https:\/\/transparency.mk\/#organization\"},\"potentialAction\":[{\"@type\":\"SearchAction\",\"target\":{\"@type\":\"EntryPoint\",\"urlTemplate\":\"https:\/\/transparency.mk\/?s={search_term_string}\"},\"query-input\":{\"@type\":\"PropertyValueSpecification\",\"valueRequired\":true,\"valueName\":\"search_term_string\"}}],\"inLanguage\":\"sq-AL\"},{\"@type\":\"Organization\",\"@id\":\"https:\/\/transparency.mk\/#organization\",\"name\":\"\u0422\u0440\u0430\u043d\u0441\u043f\u0430\u0440\u0435\u043d\u0441\u0438 \u0418\u043d\u0442\u0435\u0440\u043d\u0435\u0448\u043d\u043b - \u041c\u0430\u043a\u0435\u0434\u043e\u043d\u0438\u0458\u0430\",\"url\":\"https:\/\/transparency.mk\/\",\"logo\":{\"@type\":\"ImageObject\",\"inLanguage\":\"sq-AL\",\"@id\":\"https:\/\/transparency.mk\/#\/schema\/logo\/image\/\",\"url\":\"https:\/\/transparency.mk\/wp-content\/uploads\/2020\/10\/transparency-mk-logo.png\",\"contentUrl\":\"https:\/\/transparency.mk\/wp-content\/uploads\/2020\/10\/transparency-mk-logo.png\",\"width\":250,\"height\":75,\"caption\":\"\u0422\u0440\u0430\u043d\u0441\u043f\u0430\u0440\u0435\u043d\u0441\u0438 \u0418\u043d\u0442\u0435\u0440\u043d\u0435\u0448\u043d\u043b - \u041c\u0430\u043a\u0435\u0434\u043e\u043d\u0438\u0458\u0430\"},\"image\":{\"@id\":\"https:\/\/transparency.mk\/#\/schema\/logo\/image\/\"},\"sameAs\":[\"https:\/\/www.facebook.com\/TransparencyMK\/\",\"https:\/\/x.com\/ti_macedonia\",\"https:\/\/www.instagram.com\/timacedonia\/\",\"https:\/\/youtube.com\/user\/tzcmacedonia\/\"]}]}<\/script>\n<!-- \/ Yoast SEO plugin. -->","yoast_head_json":{"title":"\u00c7far\u00eb p\u00ebrfaq\u00ebson korrupsioni? - Transparency International","robots":{"index":"index","follow":"follow","max-snippet":"max-snippet:-1","max-image-preview":"max-image-preview:large","max-video-preview":"max-video-preview:-1"},"canonical":"https:\/\/transparency.mk\/shto-pretstavuva-korupcijata\/","og_locale":"sq_AL","og_type":"article","og_title":"\u00c7far\u00eb p\u00ebrfaq\u00ebson korrupsioni? - Transparency International","og_description":"[vc_row equal_height=&#8221;yes&#8221; content_placement=&#8221;middle&#8221; type=&#8221;vc_default&#8221; margin_top=&#8221;5&#8243; margin_bottom=&#8221;10&#8243; css=&#8221;.vc_custom_1612548193196{padding-top: 70px !important;padding-bottom: 70px !important;}&#8221;][vc_column width=&#8221;1\/2&#8243;][vc_single_image image=&#8221;2488&#8243; img_size=&#8221;large&#8221; alignment=&#8221;center&#8221;][\/vc_column][vc_column width=&#8221;1\/2&#8243;][vc_single_image image=&#8221;2491&#8243; img_size=&#8221;full&#8221; alignment=&#8221;center&#8221;][\/vc_column][vc_column][vc_column_text]Korrupsioni vjen n\u00eb shum\u00eb lloja dhe mund t\u00eb p\u00ebrfshij\u00eb: N\u00ebpun\u00ebsit publik\u00eb q\u00eb k\u00ebrkojn\u00eb ose marrin para n\u00eb k\u00ebmbin t\u00eb ndonj\u00eb sh\u00ebrbimi Politikanet t\u00eb cil\u00ebt i abuzojn\u00eb fondet publike, u japin pozicione t\u00eb pun\u00ebs ose kontrata t\u00eb tjera&hellip;","og_url":"https:\/\/transparency.mk\/shto-pretstavuva-korupcijata\/","og_site_name":"Transparency International","article_publisher":"https:\/\/www.facebook.com\/TransparencyMK\/","article_modified_time":"2021-02-22T13:53:05+00:00","twitter_card":"summary_large_image","twitter_site":"@ti_macedonia","twitter_misc":{"Est. reading time":"1 minute"},"schema":{"@context":"https:\/\/schema.org","@graph":[{"@type":"WebPage","@id":"https:\/\/transparency.mk\/shto-pretstavuva-korupcijata\/","url":"https:\/\/transparency.mk\/shto-pretstavuva-korupcijata\/","name":"\u00c7far\u00eb p\u00ebrfaq\u00ebson korrupsioni? - Transparency International","isPartOf":{"@id":"https:\/\/transparency.mk\/#website"},"datePublished":"2020-12-04T14:54:48+00:00","dateModified":"2021-02-22T13:53:05+00:00","breadcrumb":{"@id":"https:\/\/transparency.mk\/shto-pretstavuva-korupcijata\/#breadcrumb"},"inLanguage":"sq-AL","potentialAction":[{"@type":"ReadAction","target":["https:\/\/transparency.mk\/shto-pretstavuva-korupcijata\/"]}]},{"@type":"BreadcrumbList","@id":"https:\/\/transparency.mk\/shto-pretstavuva-korupcijata\/#breadcrumb","itemListElement":[{"@type":"ListItem","position":1,"name":"Home","item":"https:\/\/transparency.mk\/sq\/"},{"@type":"ListItem","position":2,"name":"\u00c7far\u00eb p\u00ebrfaq\u00ebson korrupsioni?"}]},{"@type":"WebSite","@id":"https:\/\/transparency.mk\/#website","url":"https:\/\/transparency.mk\/","name":"Transparency International","description":"Maqedoni","publisher":{"@id":"https:\/\/transparency.mk\/#organization"},"potentialAction":[{"@type":"SearchAction","target":{"@type":"EntryPoint","urlTemplate":"https:\/\/transparency.mk\/?s={search_term_string}"},"query-input":{"@type":"PropertyValueSpecification","valueRequired":true,"valueName":"search_term_string"}}],"inLanguage":"sq-AL"},{"@type":"Organization","@id":"https:\/\/transparency.mk\/#organization","name":"\u0422\u0440\u0430\u043d\u0441\u043f\u0430\u0440\u0435\u043d\u0441\u0438 \u0418\u043d\u0442\u0435\u0440\u043d\u0435\u0448\u043d\u043b - \u041c\u0430\u043a\u0435\u0434\u043e\u043d\u0438\u0458\u0430","url":"https:\/\/transparency.mk\/","logo":{"@type":"ImageObject","inLanguage":"sq-AL","@id":"https:\/\/transparency.mk\/#\/schema\/logo\/image\/","url":"https:\/\/transparency.mk\/wp-content\/uploads\/2020\/10\/transparency-mk-logo.png","contentUrl":"https:\/\/transparency.mk\/wp-content\/uploads\/2020\/10\/transparency-mk-logo.png","width":250,"height":75,"caption":"\u0422\u0440\u0430\u043d\u0441\u043f\u0430\u0440\u0435\u043d\u0441\u0438 \u0418\u043d\u0442\u0435\u0440\u043d\u0435\u0448\u043d\u043b - \u041c\u0430\u043a\u0435\u0434\u043e\u043d\u0438\u0458\u0430"},"image":{"@id":"https:\/\/transparency.mk\/#\/schema\/logo\/image\/"},"sameAs":["https:\/\/www.facebook.com\/TransparencyMK\/","https:\/\/x.com\/ti_macedonia","https:\/\/www.instagram.com\/timacedonia\/","https:\/\/youtube.com\/user\/tzcmacedonia\/"]}]}},"_links":{"self":[{"href":"https:\/\/transparency.mk\/sq\/wp-json\/wp\/v2\/pages\/9810","targetHints":{"allow":["GET"]}}],"collection":[{"href":"https:\/\/transparency.mk\/sq\/wp-json\/wp\/v2\/pages"}],"about":[{"href":"https:\/\/transparency.mk\/sq\/wp-json\/wp\/v2\/types\/page"}],"author":[{"embeddable":true,"href":"https:\/\/transparency.mk\/sq\/wp-json\/wp\/v2\/users\/1"}],"replies":[{"embeddable":true,"href":"https:\/\/transparency.mk\/sq\/wp-json\/wp\/v2\/comments?post=9810"}],"version-history":[{"count":2,"href":"https:\/\/transparency.mk\/sq\/wp-json\/wp\/v2\/pages\/9810\/revisions"}],"predecessor-version":[{"id":9813,"href":"https:\/\/transparency.mk\/sq\/wp-json\/wp\/v2\/pages\/9810\/revisions\/9813"}],"wp:attachment":[{"href":"https:\/\/transparency.mk\/sq\/wp-json\/wp\/v2\/media?parent=9810"}],"curies":[{"name":"wp","href":"https:\/\/api.w.org\/{rel}","templated":true}]}}