{"id":9814,"date":"2020-12-04T15:59:35","date_gmt":"2020-12-04T14:59:35","guid":{"rendered":"https:\/\/transparency.web.com.mk\/misijata-na-transparensi-interneshnl-makedonija\/"},"modified":"2021-02-22T14:56:49","modified_gmt":"2021-02-22T13:56:49","slug":"missioni-i-transparency-international-maqedoni","status":"publish","type":"page","link":"https:\/\/transparency.mk\/sq\/missioni-i-transparency-international-maqedoni\/","title":{"rendered":"Missioni i Transparency International \u2013 Maqedoni"},"content":{"rendered":"<div class=\"wpb-content-wrapper\"><p>[vc_row equal_height=&#8221;yes&#8221; content_placement=&#8221;middle&#8221; type=&#8221;vc_default&#8221; margin_top=&#8221;5&#8243; margin_bottom=&#8221;10&#8243; css=&#8221;.vc_custom_1612548199698{padding-top: 70px !important;padding-bottom: 70px !important;}&#8221;][vc_column]<style type=\"text\/css\" data-type=\"the7_shortcodes-inline-css\">.shortcode-single-image-wrap.shortcode-single-image-2ee8faba6d6efb85ffc64c3e489e82d9.enable-bg-rollover .rollover i,\n.shortcode-single-image-wrap.shortcode-single-image-2ee8faba6d6efb85ffc64c3e489e82d9.enable-bg-rollover .rollover-video i {\n  background: ;\n  background: -webkit-linear-gradient();\n  background: linear-gradient();\n}\n.shortcode-single-image-wrap.shortcode-single-image-2ee8faba6d6efb85ffc64c3e489e82d9 .rollover-icon {\n  font-size: 32px;\n  color: #ffffff;\n  min-width: 44px;\n  min-height: 44px;\n  line-height: 44px;\n  border-radius: 100px;\n  border-style: solid;\n  border-width: 0px;\n}\n.dt-icon-bg-on.shortcode-single-image-wrap.shortcode-single-image-2ee8faba6d6efb85ffc64c3e489e82d9 .rollover-icon {\n  background: rgba(255,255,255,0.3);\n  box-shadow: none;\n}\n<\/style><div class=\"shortcode-single-image-wrap shortcode-single-image-2ee8faba6d6efb85ffc64c3e489e82d9 alignnone  vc_custom_1607094132923 enable-bg-rollover dt-icon-bg-off\" ><div class=\"shortcode-single-image\"><div class=\"fancy-media-wrap  layzr-bg\" style=\"\"><img fetchpriority=\"high\" decoding=\"async\" class=\"preload-me lazy-load aspect\" src=\"data:image\/svg+xml,%3Csvg%20xmlns%3D&#39;http%3A%2F%2Fwww.w3.org%2F2000%2Fsvg&#39;%20viewBox%3D&#39;0%200%20800%20440&#39;%2F%3E\" data-src=\"https:\/\/transparency.mk\/wp-content\/uploads\/2020\/12\/misija-800x440.jpg\" data-srcset=\"https:\/\/transparency.mk\/wp-content\/uploads\/2020\/12\/misija-800x440.jpg 800w, https:\/\/transparency.mk\/wp-content\/uploads\/2020\/12\/misija.jpg 1180w\" loading=\"eager\" sizes=\"(max-width: 800px) 100vw, 800px\" width=\"800\" height=\"440\"  data-dt-location=\"https:\/\/transparency.mk\/sq\/misijata-na-transparensi-interneshnl-makedonija\/misija\/\" style=\"--ratio: 800 \/ 440;\" alt=\"\" \/><\/div><\/div><\/div>[\/vc_column][vc_column][vc_column_text]P\u00ebrmes projekteve dhe aktiviteteve Transparency International Maqedoni vazhdimisht i lokalizon dob\u00ebsit\u00eb n\u00eb jurisprudenc\u00eb, gjyq\u00ebsor, legjislacion, t\u00eb cilat e mund\u00ebsojn\u00eb korrupsionit, synon p\u00ebr t\u00eb p\u00ebrmir\u00ebsuar gjendjen e denoncuesve n\u00eb Maqedoni dhe qytetar\u00ebve p\u00ebr raportim dhe kund\u00ebrshtrim t\u00eb korrupsionit. Vazhdimisht bashk\u00ebpunon me deg\u00ebt rajonale i Transparency International dhe Sekretarijatin n\u00eb Berlin p\u00ebrmes aktiviteteve t\u00eb tij t\u00eb projektit p\u00ebr luft\u00ebn e p\u00ebrbashk\u00ebt kund\u00ebr korrupsionit.<\/p>\n<p>P\u00ebr t\u00eb ndertuar nj\u00eb shoqeri demokratike, t\u00eb drejt\u00eb dhe inkluzive, \u00ebsht\u00eb e nevojshme t\u00eb gjitha pal\u00ebt e interesuara, institucionet, qytetar\u00ebt she pushteti t\u00eb jen\u00eb t\u00eb sinhronizuar n\u00eb kund\u00ebrshtrimin t\u00eb korrupsionit. Nj\u00eb nga aktivitetet i Transparency International Maqedoni \u00ebsht\u00eb t\u00eb ndjek\u00eb edhe korniz\u00ebn ligjore n\u00ebp\u00ebrmjet s\u00eb cil\u00ebs realizohen dhe zbatohen ligjet, si dhe rrethana dhe zhvillimet kur dhe si u miratuan ligjet \u2013 p\u00ebrkat\u00ebsisht a jan\u00eb miratuan n\u00eb rrethanat \u201ct\u00eb ve\u00e7anta\u201d p\u00ebr t\u00eb arritur ndonj\u00eb q\u00ebllim t\u00eb caktuar.[\/vc_column_text][\/vc_column][\/vc_row]<\/p>\n<\/div>","protected":false},"excerpt":{"rendered":"<p>[vc_row equal_height=&#8221;yes&#8221; content_placement=&#8221;middle&#8221; type=&#8221;vc_default&#8221; margin_top=&#8221;5&#8243; margin_bottom=&#8221;10&#8243; css=&#8221;.vc_custom_1612548199698{padding-top: 70px !important;padding-bottom: 70px !important;}&#8221;][vc_column][\/vc_column][vc_column][vc_column_text]P\u00ebrmes projekteve dhe aktiviteteve Transparency International Maqedoni vazhdimisht i lokalizon dob\u00ebsit\u00eb n\u00eb jurisprudenc\u00eb, gjyq\u00ebsor, legjislacion, t\u00eb cilat e mund\u00ebsojn\u00eb korrupsionit, synon p\u00ebr t\u00eb p\u00ebrmir\u00ebsuar gjendjen e denoncuesve n\u00eb Maqedoni dhe qytetar\u00ebve p\u00ebr raportim dhe kund\u00ebrshtrim t\u00eb korrupsionit. Vazhdimisht bashk\u00ebpunon me deg\u00ebt rajonale i Transparency International&hellip;<\/p>\n","protected":false},"author":1,"featured_media":0,"parent":0,"menu_order":5,"comment_status":"closed","ping_status":"closed","template":"","meta":{"_monsterinsights_skip_tracking":false,"_monsterinsights_sitenote_active":false,"_monsterinsights_sitenote_note":"","_monsterinsights_sitenote_category":0,"footnotes":""},"class_list":["post-9814","page","type-page","status-publish","hentry","description-off"],"yoast_head":"<!-- This site is optimized with the Yoast SEO plugin v25.8 - https:\/\/yoast.com\/wordpress\/plugins\/seo\/ -->\n<title>Missioni i Transparency International \u2013 Maqedoni - Transparency International<\/title>\n<meta name=\"robots\" content=\"index, follow, max-snippet:-1, max-image-preview:large, max-video-preview:-1\" \/>\n<link rel=\"canonical\" href=\"https:\/\/transparency.mk\/misijata-na-transparensi-interneshnl-makedonija\/\" \/>\n<meta property=\"og:locale\" content=\"sq_AL\" \/>\n<meta property=\"og:type\" content=\"article\" \/>\n<meta property=\"og:title\" content=\"Missioni i Transparency International \u2013 Maqedoni - Transparency International\" \/>\n<meta property=\"og:description\" content=\"[vc_row equal_height=&#8221;yes&#8221; content_placement=&#8221;middle&#8221; type=&#8221;vc_default&#8221; margin_top=&#8221;5&#8243; margin_bottom=&#8221;10&#8243; css=&#8221;.vc_custom_1612548199698{padding-top: 70px !important;padding-bottom: 70px !important;}&#8221;][vc_column][\/vc_column][vc_column][vc_column_text]P\u00ebrmes projekteve dhe aktiviteteve Transparency International Maqedoni vazhdimisht i lokalizon dob\u00ebsit\u00eb n\u00eb jurisprudenc\u00eb, gjyq\u00ebsor, legjislacion, t\u00eb cilat e mund\u00ebsojn\u00eb korrupsionit, synon p\u00ebr t\u00eb p\u00ebrmir\u00ebsuar gjendjen e denoncuesve n\u00eb Maqedoni dhe qytetar\u00ebve p\u00ebr raportim dhe kund\u00ebrshtrim t\u00eb korrupsionit. Vazhdimisht bashk\u00ebpunon me deg\u00ebt rajonale i Transparency International&hellip;\" \/>\n<meta property=\"og:url\" content=\"https:\/\/transparency.mk\/misijata-na-transparensi-interneshnl-makedonija\/\" \/>\n<meta property=\"og:site_name\" content=\"Transparency International\" \/>\n<meta property=\"article:publisher\" content=\"https:\/\/www.facebook.com\/TransparencyMK\/\" \/>\n<meta property=\"article:modified_time\" content=\"2021-02-22T13:56:49+00:00\" \/>\n<meta name=\"twitter:card\" content=\"summary_large_image\" \/>\n<meta name=\"twitter:site\" content=\"@ti_macedonia\" \/>\n<meta name=\"twitter:label1\" content=\"Est. reading time\" \/>\n\t<meta name=\"twitter:data1\" content=\"1 minute\" \/>\n<script type=\"application\/ld+json\" class=\"yoast-schema-graph\">{\"@context\":\"https:\/\/schema.org\",\"@graph\":[{\"@type\":\"WebPage\",\"@id\":\"https:\/\/transparency.mk\/misijata-na-transparensi-interneshnl-makedonija\/\",\"url\":\"https:\/\/transparency.mk\/misijata-na-transparensi-interneshnl-makedonija\/\",\"name\":\"Missioni i Transparency International \u2013 Maqedoni - Transparency International\",\"isPartOf\":{\"@id\":\"https:\/\/transparency.mk\/#website\"},\"datePublished\":\"2020-12-04T14:59:35+00:00\",\"dateModified\":\"2021-02-22T13:56:49+00:00\",\"breadcrumb\":{\"@id\":\"https:\/\/transparency.mk\/misijata-na-transparensi-interneshnl-makedonija\/#breadcrumb\"},\"inLanguage\":\"sq-AL\",\"potentialAction\":[{\"@type\":\"ReadAction\",\"target\":[\"https:\/\/transparency.mk\/misijata-na-transparensi-interneshnl-makedonija\/\"]}]},{\"@type\":\"BreadcrumbList\",\"@id\":\"https:\/\/transparency.mk\/misijata-na-transparensi-interneshnl-makedonija\/#breadcrumb\",\"itemListElement\":[{\"@type\":\"ListItem\",\"position\":1,\"name\":\"Home\",\"item\":\"https:\/\/transparency.mk\/sq\/\"},{\"@type\":\"ListItem\",\"position\":2,\"name\":\"Missioni i Transparency International \u2013 Maqedoni\"}]},{\"@type\":\"WebSite\",\"@id\":\"https:\/\/transparency.mk\/#website\",\"url\":\"https:\/\/transparency.mk\/\",\"name\":\"Transparency International\",\"description\":\"Maqedoni\",\"publisher\":{\"@id\":\"https:\/\/transparency.mk\/#organization\"},\"potentialAction\":[{\"@type\":\"SearchAction\",\"target\":{\"@type\":\"EntryPoint\",\"urlTemplate\":\"https:\/\/transparency.mk\/?s={search_term_string}\"},\"query-input\":{\"@type\":\"PropertyValueSpecification\",\"valueRequired\":true,\"valueName\":\"search_term_string\"}}],\"inLanguage\":\"sq-AL\"},{\"@type\":\"Organization\",\"@id\":\"https:\/\/transparency.mk\/#organization\",\"name\":\"\u0422\u0440\u0430\u043d\u0441\u043f\u0430\u0440\u0435\u043d\u0441\u0438 \u0418\u043d\u0442\u0435\u0440\u043d\u0435\u0448\u043d\u043b - \u041c\u0430\u043a\u0435\u0434\u043e\u043d\u0438\u0458\u0430\",\"url\":\"https:\/\/transparency.mk\/\",\"logo\":{\"@type\":\"ImageObject\",\"inLanguage\":\"sq-AL\",\"@id\":\"https:\/\/transparency.mk\/#\/schema\/logo\/image\/\",\"url\":\"https:\/\/transparency.mk\/wp-content\/uploads\/2020\/10\/transparency-mk-logo.png\",\"contentUrl\":\"https:\/\/transparency.mk\/wp-content\/uploads\/2020\/10\/transparency-mk-logo.png\",\"width\":250,\"height\":75,\"caption\":\"\u0422\u0440\u0430\u043d\u0441\u043f\u0430\u0440\u0435\u043d\u0441\u0438 \u0418\u043d\u0442\u0435\u0440\u043d\u0435\u0448\u043d\u043b - \u041c\u0430\u043a\u0435\u0434\u043e\u043d\u0438\u0458\u0430\"},\"image\":{\"@id\":\"https:\/\/transparency.mk\/#\/schema\/logo\/image\/\"},\"sameAs\":[\"https:\/\/www.facebook.com\/TransparencyMK\/\",\"https:\/\/x.com\/ti_macedonia\",\"https:\/\/www.instagram.com\/timacedonia\/\",\"https:\/\/youtube.com\/user\/tzcmacedonia\/\"]}]}<\/script>\n<!-- \/ Yoast SEO plugin. -->","yoast_head_json":{"title":"Missioni i Transparency International \u2013 Maqedoni - Transparency International","robots":{"index":"index","follow":"follow","max-snippet":"max-snippet:-1","max-image-preview":"max-image-preview:large","max-video-preview":"max-video-preview:-1"},"canonical":"https:\/\/transparency.mk\/misijata-na-transparensi-interneshnl-makedonija\/","og_locale":"sq_AL","og_type":"article","og_title":"Missioni i Transparency International \u2013 Maqedoni - Transparency International","og_description":"[vc_row equal_height=&#8221;yes&#8221; content_placement=&#8221;middle&#8221; type=&#8221;vc_default&#8221; margin_top=&#8221;5&#8243; margin_bottom=&#8221;10&#8243; css=&#8221;.vc_custom_1612548199698{padding-top: 70px !important;padding-bottom: 70px !important;}&#8221;][vc_column][\/vc_column][vc_column][vc_column_text]P\u00ebrmes projekteve dhe aktiviteteve Transparency International Maqedoni vazhdimisht i lokalizon dob\u00ebsit\u00eb n\u00eb jurisprudenc\u00eb, gjyq\u00ebsor, legjislacion, t\u00eb cilat e mund\u00ebsojn\u00eb korrupsionit, synon p\u00ebr t\u00eb p\u00ebrmir\u00ebsuar gjendjen e denoncuesve n\u00eb Maqedoni dhe qytetar\u00ebve p\u00ebr raportim dhe kund\u00ebrshtrim t\u00eb korrupsionit. Vazhdimisht bashk\u00ebpunon me deg\u00ebt rajonale i Transparency International&hellip;","og_url":"https:\/\/transparency.mk\/misijata-na-transparensi-interneshnl-makedonija\/","og_site_name":"Transparency International","article_publisher":"https:\/\/www.facebook.com\/TransparencyMK\/","article_modified_time":"2021-02-22T13:56:49+00:00","twitter_card":"summary_large_image","twitter_site":"@ti_macedonia","twitter_misc":{"Est. reading time":"1 minute"},"schema":{"@context":"https:\/\/schema.org","@graph":[{"@type":"WebPage","@id":"https:\/\/transparency.mk\/misijata-na-transparensi-interneshnl-makedonija\/","url":"https:\/\/transparency.mk\/misijata-na-transparensi-interneshnl-makedonija\/","name":"Missioni i Transparency International \u2013 Maqedoni - Transparency International","isPartOf":{"@id":"https:\/\/transparency.mk\/#website"},"datePublished":"2020-12-04T14:59:35+00:00","dateModified":"2021-02-22T13:56:49+00:00","breadcrumb":{"@id":"https:\/\/transparency.mk\/misijata-na-transparensi-interneshnl-makedonija\/#breadcrumb"},"inLanguage":"sq-AL","potentialAction":[{"@type":"ReadAction","target":["https:\/\/transparency.mk\/misijata-na-transparensi-interneshnl-makedonija\/"]}]},{"@type":"BreadcrumbList","@id":"https:\/\/transparency.mk\/misijata-na-transparensi-interneshnl-makedonija\/#breadcrumb","itemListElement":[{"@type":"ListItem","position":1,"name":"Home","item":"https:\/\/transparency.mk\/sq\/"},{"@type":"ListItem","position":2,"name":"Missioni i Transparency International \u2013 Maqedoni"}]},{"@type":"WebSite","@id":"https:\/\/transparency.mk\/#website","url":"https:\/\/transparency.mk\/","name":"Transparency International","description":"Maqedoni","publisher":{"@id":"https:\/\/transparency.mk\/#organization"},"potentialAction":[{"@type":"SearchAction","target":{"@type":"EntryPoint","urlTemplate":"https:\/\/transparency.mk\/?s={search_term_string}"},"query-input":{"@type":"PropertyValueSpecification","valueRequired":true,"valueName":"search_term_string"}}],"inLanguage":"sq-AL"},{"@type":"Organization","@id":"https:\/\/transparency.mk\/#organization","name":"\u0422\u0440\u0430\u043d\u0441\u043f\u0430\u0440\u0435\u043d\u0441\u0438 \u0418\u043d\u0442\u0435\u0440\u043d\u0435\u0448\u043d\u043b - \u041c\u0430\u043a\u0435\u0434\u043e\u043d\u0438\u0458\u0430","url":"https:\/\/transparency.mk\/","logo":{"@type":"ImageObject","inLanguage":"sq-AL","@id":"https:\/\/transparency.mk\/#\/schema\/logo\/image\/","url":"https:\/\/transparency.mk\/wp-content\/uploads\/2020\/10\/transparency-mk-logo.png","contentUrl":"https:\/\/transparency.mk\/wp-content\/uploads\/2020\/10\/transparency-mk-logo.png","width":250,"height":75,"caption":"\u0422\u0440\u0430\u043d\u0441\u043f\u0430\u0440\u0435\u043d\u0441\u0438 \u0418\u043d\u0442\u0435\u0440\u043d\u0435\u0448\u043d\u043b - \u041c\u0430\u043a\u0435\u0434\u043e\u043d\u0438\u0458\u0430"},"image":{"@id":"https:\/\/transparency.mk\/#\/schema\/logo\/image\/"},"sameAs":["https:\/\/www.facebook.com\/TransparencyMK\/","https:\/\/x.com\/ti_macedonia","https:\/\/www.instagram.com\/timacedonia\/","https:\/\/youtube.com\/user\/tzcmacedonia\/"]}]}},"_links":{"self":[{"href":"https:\/\/transparency.mk\/sq\/wp-json\/wp\/v2\/pages\/9814","targetHints":{"allow":["GET"]}}],"collection":[{"href":"https:\/\/transparency.mk\/sq\/wp-json\/wp\/v2\/pages"}],"about":[{"href":"https:\/\/transparency.mk\/sq\/wp-json\/wp\/v2\/types\/page"}],"author":[{"embeddable":true,"href":"https:\/\/transparency.mk\/sq\/wp-json\/wp\/v2\/users\/1"}],"replies":[{"embeddable":true,"href":"https:\/\/transparency.mk\/sq\/wp-json\/wp\/v2\/comments?post=9814"}],"version-history":[{"count":2,"href":"https:\/\/transparency.mk\/sq\/wp-json\/wp\/v2\/pages\/9814\/revisions"}],"predecessor-version":[{"id":9817,"href":"https:\/\/transparency.mk\/sq\/wp-json\/wp\/v2\/pages\/9814\/revisions\/9817"}],"wp:attachment":[{"href":"https:\/\/transparency.mk\/sq\/wp-json\/wp\/v2\/media?parent=9814"}],"curies":[{"name":"wp","href":"https:\/\/api.w.org\/{rel}","templated":true}]}}